{"id":16391,"date":"2025-06-16T07:48:29","date_gmt":"2025-06-16T07:48:29","guid":{"rendered":"https:\/\/desifine.com\/?page_id=16391"},"modified":"2025-10-21T01:47:32","modified_gmt":"2025-10-21T01:47:32","slug":"produits","status":"publish","type":"page","link":"https:\/\/desifine.com\/fr\/produits\/","title":{"rendered":"PRODUITS"},"content":{"rendered":"<div data-elementor-type=\"wp-page\" data-elementor-id=\"16391\" class=\"elementor elementor-16391\" data-elementor-post-type=\"page\">\n\t\t\t\t<div class=\"elementor-element elementor-element-fed3d65 e-con-full e-flex e-con e-parent\" data-id=\"fed3d65\" data-element_type=\"container\" data-e-type=\"container\" data-settings=\"{&quot;background_background&quot;:&quot;classic&quot;,&quot;ekit_has_onepagescroll_dot&quot;:&quot;yes&quot;}\">\n\t\t\t\t<div class=\"elementor-element elementor-element-d54cbdc elementor-widget elementor-widget-heading\" data-id=\"d54cbdc\" data-element_type=\"widget\" data-e-type=\"widget\" data-settings=\"{&quot;ekit_we_effect_on&quot;:&quot;none&quot;}\" data-widget_type=\"heading.default\">\n\t\t\t\t<div class=\"elementor-widget-container\">\n\t\t\t\t\t<h2 class=\"elementor-heading-title elementor-size-default\">Donnez un coup de pouce \u00e0 votre marque de cosm\u00e9tiques avec nous<\/h2>\t\t\t\t<\/div>\n\t\t\t\t<\/div>\n\t\t\t\t<div class=\"elementor-element elementor-element-896653a elementor-align-center elementor-widget elementor-widget-button\" data-id=\"896653a\" data-element_type=\"widget\" data-e-type=\"widget\" data-settings=\"{&quot;ekit_we_effect_on&quot;:&quot;none&quot;}\" data-widget_type=\"button.default\">\n\t\t\t\t<div class=\"elementor-widget-container\">\n\t\t\t\t\t\t\t\t\t<div class=\"elementor-button-wrapper\">\n\t\t\t\t\t<a class=\"elementor-button elementor-button-link elementor-size-sm\" href=\"\/fr\/contact-us\/\">\n\t\t\t\t\t\t<span class=\"elementor-button-content-wrapper\">\n\t\t\t\t\t\t\t\t\t<span class=\"elementor-button-text\">Soumettez votre devis maintenant !<\/span>\n\t\t\t\t\t<\/span>\n\t\t\t\t\t<\/a>\n\t\t\t\t<\/div>\n\t\t\t\t\t\t\t\t<\/div>\n\t\t\t\t<\/div>\n\t\t\t\t<\/div>\n\t\t<div class=\"elementor-element elementor-element-22ad3dc e-grid e-con-boxed e-con e-parent\" data-id=\"22ad3dc\" data-element_type=\"container\" data-e-type=\"container\" data-settings=\"{&quot;ekit_has_onepagescroll_dot&quot;:&quot;yes&quot;}\">\n\t\t\t\t\t<div class=\"e-con-inner\">\n\t\t\t\t<div class=\"elementor-element elementor-element-8c90c7a ekit-equal-height-enable elementor-widget__width-initial elementor-widget elementor-widget-elementskit-image-box\" data-id=\"8c90c7a\" data-element_type=\"widget\" data-e-type=\"widget\" data-settings=\"{&quot;ekit_we_effect_on&quot;:&quot;none&quot;}\" data-widget_type=\"elementskit-image-box.default\">\n\t\t\t\t<div class=\"elementor-widget-container\">\n\t\t\t\t\t<div class=\"ekit-wid-con\" >\n            <div class=\"elementskit-info-image-box ekit-image-box text-center hover_from_right hover-border-bottom\" >\n\n                <a href=\"\/fr\/skin-care-set\/\">\n                <div class=\"elementskit-box-header image-box-img-center\">\n\n                    <img decoding=\"async\" src=\"https:\/\/desifine.com\/wp-content\/uploads\/elementor\/thumbs\/\u62a4\u80a4\u5957\u88c55-r8e1ouh1hqoxb3dis15mrt10s1lvet6w60wj4q2qje.webp\" title=\"\u62a4\u80a4\u5957\u88c55\" alt=\"\u62a4\u80a4\u5957\u88c55\" loading=\"lazy\" \/>\n                <\/div>\n                <\/a>\n                <div class=\"elementskit-box-body ekit-image-box-body\">\n                    <div class=\"elementskit-box-content ekit-image-box-body-inner\">\n                                                            <\/div>\n\n                                <div class=\"elementskit-box-footer\">\n                    <div class=\"box-footer\">\n                        <div class=\"btn-wraper\">\n                                                            <a href=\"\/fr\/skin-care-set\/\" class=\"elementskit-btn whitespace--normal\">\n                                    \n                                    \n                                    S\u00e9rie de sets de soins                                <\/a>\n                                                        <\/div>\n                    <\/div>\n                <\/div>\n                            <\/div>\n            <\/div>\n    <\/div>\t\t\t\t<\/div>\n\t\t\t\t<\/div>\n\t\t\t\t<div class=\"elementor-element elementor-element-e776b21 ekit-equal-height-enable elementor-widget elementor-widget-elementskit-image-box\" data-id=\"e776b21\" data-element_type=\"widget\" data-e-type=\"widget\" data-settings=\"{&quot;ekit_we_effect_on&quot;:&quot;none&quot;}\" data-widget_type=\"elementskit-image-box.default\">\n\t\t\t\t<div class=\"elementor-widget-container\">\n\t\t\t\t\t<div class=\"ekit-wid-con\" >\n            <div class=\"elementskit-info-image-box ekit-image-box text-center hover_from_right hover-border-bottom\" >\n\n                <a href=\"\/fr\/body-care\/\">\n                <div class=\"elementskit-box-header image-box-img-center\">\n\n                    <img decoding=\"async\" src=\"https:\/\/desifine.com\/wp-content\/uploads\/elementor\/thumbs\/fce1649a9ea64183bcaf881dd7f2684dtplv-tb4s082cfz-aigc_resize_720_720-r8e1hwfyzt6nitgpc12vck4erju8jbmajnddh4dgii.webp\" title=\"fce1649a9ea64183bcaf881dd7f2684d~tplv-tb4s082cfz-aigc_resize_720_720\" alt=\"fce1649a9ea64183bcaf881dd7f2684d~tplv-tb4s082cfz-aigc_resize_720_720\" loading=\"lazy\" \/>\n                <\/div>\n                <\/a>\n                <div class=\"elementskit-box-body ekit-image-box-body\">\n                    <div class=\"elementskit-box-content ekit-image-box-body-inner\">\n                                                            <\/div>\n\n                                <div class=\"elementskit-box-footer\">\n                    <div class=\"box-footer\">\n                        <div class=\"btn-wraper\">\n                                                            <a href=\"\/fr\/body-care\/\" class=\"elementskit-btn whitespace--normal\">\n                                    \n                                    \n                                    S\u00e9rie de soins du corps                                <\/a>\n                                                        <\/div>\n                    <\/div>\n                <\/div>\n                            <\/div>\n            <\/div>\n    <\/div>\t\t\t\t<\/div>\n\t\t\t\t<\/div>\n\t\t\t\t<div class=\"elementor-element elementor-element-973c2ca ekit-equal-height-enable elementor-widget elementor-widget-elementskit-image-box\" data-id=\"973c2ca\" data-element_type=\"widget\" data-e-type=\"widget\" data-settings=\"{&quot;ekit_we_effect_on&quot;:&quot;none&quot;}\" data-widget_type=\"elementskit-image-box.default\">\n\t\t\t\t<div class=\"elementor-widget-container\">\n\t\t\t\t\t<div class=\"ekit-wid-con\" >\n            <div class=\"elementskit-info-image-box ekit-image-box text-center hover_from_right hover-border-bottom\" >\n\n                <a href=\"\/fr\/eye-care\/\">\n                <div class=\"elementskit-box-header image-box-img-center\">\n\n                    <img decoding=\"async\" src=\"https:\/\/desifine.com\/wp-content\/uploads\/elementor\/thumbs\/\u773c\u90e8\u5957\u88c52eye-serum\u6709\u95191-r85kubtjbfek2wh498i7y6rcjllzb345b7buzq3q3e.webp\" title=\"\u773c\u90e8\u5957\u88c52eye serum\u6709\u9519(1)\" alt=\"\u773c\u90e8\u5957\u88c52eye serum\u6709\u9519(1)\" loading=\"lazy\" \/>\n                <\/div>\n                <\/a>\n                <div class=\"elementskit-box-body ekit-image-box-body\">\n                    <div class=\"elementskit-box-content ekit-image-box-body-inner\">\n                                                            <\/div>\n\n                                <div class=\"elementskit-box-footer\">\n                    <div class=\"box-footer\">\n                        <div class=\"btn-wraper\">\n                                                            <a href=\"\/fr\/eye-care\/\" class=\"elementskit-btn whitespace--normal\">\n                                    S\u00e9rie sur les soins oculaires                                <\/a>\n                                                    <\/div>\n                    <\/div>\n                <\/div>\n                            <\/div>\n            <\/div>\n    <\/div>\t\t\t\t<\/div>\n\t\t\t\t<\/div>\n\t\t\t\t<div class=\"elementor-element elementor-element-e910207 ekit-equal-height-enable elementor-widget elementor-widget-elementskit-image-box\" data-id=\"e910207\" data-element_type=\"widget\" data-e-type=\"widget\" data-settings=\"{&quot;ekit_we_effect_on&quot;:&quot;none&quot;}\" data-widget_type=\"elementskit-image-box.default\">\n\t\t\t\t<div class=\"elementor-widget-container\">\n\t\t\t\t\t<div class=\"ekit-wid-con\" >\n            <div class=\"elementskit-info-image-box ekit-image-box text-center hover_from_right hover-border-bottom\" >\n\n                <a href=\"\/fr\/face-care\/\">\n                <div class=\"elementskit-box-header image-box-img-center\">\n\n                    <img decoding=\"async\" src=\"https:\/\/desifine.com\/wp-content\/uploads\/elementor\/thumbs\/\u8138\u90e8\u4ea7\u54c1\u5408\u96c66-r85kkgijk1w66at7vyx8rof3zy98hhxlycqbl4qjfe.webp\" title=\"\u8138\u90e8\u4ea7\u54c1\u5408\u96c66\" alt=\"\u8138\u90e8\u4ea7\u54c1\u5408\u96c66\" loading=\"lazy\" \/>\n                <\/div>\n                <\/a>\n                <div class=\"elementskit-box-body ekit-image-box-body\">\n                    <div class=\"elementskit-box-content ekit-image-box-body-inner\">\n                                                            <\/div>\n\n                                <div class=\"elementskit-box-footer\">\n                    <div class=\"box-footer\">\n                        <div class=\"btn-wraper\">\n                                                            <a href=\"\/fr\/face-care\/\" class=\"elementskit-btn whitespace--normal\">\n                                    \n                                    \n                                    Ligne de soins pour le visage                                <\/a>\n                                                        <\/div>\n                    <\/div>\n                <\/div>\n                            <\/div>\n            <\/div>\n    <\/div>\t\t\t\t<\/div>\n\t\t\t\t<\/div>\n\t\t\t\t<div class=\"elementor-element elementor-element-d679439 ekit-equal-height-enable elementor-widget elementor-widget-elementskit-image-box\" data-id=\"d679439\" data-element_type=\"widget\" data-e-type=\"widget\" data-settings=\"{&quot;ekit_we_effect_on&quot;:&quot;none&quot;}\" data-widget_type=\"elementskit-image-box.default\">\n\t\t\t\t<div class=\"elementor-widget-container\">\n\t\t\t\t\t<div class=\"ekit-wid-con\" >\n            <div class=\"elementskit-info-image-box ekit-image-box text-center hover_from_right hover-border-bottom\" >\n\n                <a href=\"\/fr\/makeup\/\">\n                <div class=\"elementskit-box-header image-box-img-center\">\n\n                    <img decoding=\"async\" src=\"https:\/\/desifine.com\/wp-content\/uploads\/elementor\/thumbs\/\u5f69\u59862-r85l6vxwmqlh7c8dx5xrrio29xpj5hz1dd4etthcyi.webp\" title=\"\u5f69\u59862\" alt=\"\u5f69\u59862\" loading=\"lazy\" \/>\n                <\/div>\n                <\/a>\n                <div class=\"elementskit-box-body ekit-image-box-body\">\n                    <div class=\"elementskit-box-content ekit-image-box-body-inner\">\n                                                            <\/div>\n\n                                <div class=\"elementskit-box-footer\">\n                    <div class=\"box-footer\">\n                        <div class=\"btn-wraper\">\n                                                            <a href=\"\/fr\/makeup\/\" class=\"elementskit-btn whitespace--normal\">\n                                    \n                                    \n                                    S\u00e9rie maquillage                                <\/a>\n                                                        <\/div>\n                    <\/div>\n                <\/div>\n                            <\/div>\n            <\/div>\n    <\/div>\t\t\t\t<\/div>\n\t\t\t\t<\/div>\n\t\t\t\t<div class=\"elementor-element elementor-element-b8d4fd2 ekit-equal-height-enable elementor-widget elementor-widget-elementskit-image-box\" data-id=\"b8d4fd2\" data-element_type=\"widget\" data-e-type=\"widget\" data-settings=\"{&quot;ekit_we_effect_on&quot;:&quot;none&quot;}\" data-widget_type=\"elementskit-image-box.default\">\n\t\t\t\t<div class=\"elementor-widget-container\">\n\t\t\t\t\t<div class=\"ekit-wid-con\" >\n            <div class=\"elementskit-info-image-box ekit-image-box text-center hover_from_right hover-border-bottom\" >\n\n                <a href=\"\/fr\/hair-care\/\">\n                <div class=\"elementskit-box-header image-box-img-center\">\n\n                    <img decoding=\"async\" src=\"https:\/\/desifine.com\/wp-content\/uploads\/elementor\/thumbs\/\u5934\u53d1\u96c6\u54084-r85kqkgrza99n1xq7lzxz4wz0454io6ssldxvvoeze.webp\" title=\"\u5934\u53d1\u96c6\u54084\" alt=\"\u5934\u53d1\u96c6\u54084\" loading=\"lazy\" \/>\n                <\/div>\n                <\/a>\n                <div class=\"elementskit-box-body ekit-image-box-body\">\n                    <div class=\"elementskit-box-content ekit-image-box-body-inner\">\n                                                            <\/div>\n\n                                <div class=\"elementskit-box-footer\">\n                    <div class=\"box-footer\">\n                        <div class=\"btn-wraper\">\n                                                            <a href=\"\/fr\/hair-care\/\" class=\"elementskit-btn whitespace--normal\">\n                                    \n                                    \n                                    S\u00e9rie de soins capillaires                                <\/a>\n                                                        <\/div>\n                    <\/div>\n                <\/div>\n                            <\/div>\n            <\/div>\n    <\/div>\t\t\t\t<\/div>\n\t\t\t\t<\/div>\n\t\t\t\t<div class=\"elementor-element elementor-element-59d2f9a ekit-equal-height-enable elementor-widget elementor-widget-elementskit-image-box\" data-id=\"59d2f9a\" data-element_type=\"widget\" data-e-type=\"widget\" data-settings=\"{&quot;ekit_we_effect_on&quot;:&quot;none&quot;}\" data-widget_type=\"elementskit-image-box.default\">\n\t\t\t\t<div class=\"elementor-widget-container\">\n\t\t\t\t\t<div class=\"ekit-wid-con\" >\n            <div class=\"elementskit-info-image-box ekit-image-box text-center hover_from_right hover-border-bottom\" >\n\n                <a href=\"\/fr\/mens-care\/\">\n                <div class=\"elementskit-box-header image-box-img-center\">\n\n                    <img decoding=\"async\" src=\"https:\/\/desifine.com\/wp-content\/uploads\/elementor\/thumbs\/\u7537\u58eb\u62a4\u7406\u5957\u88c55-r85krj8t05kvkmj7kj151e50zddpfh0v9diwn48ul6.webp\" title=\"\u7537\u58eb\u62a4\u7406\u5957\u88c55\" alt=\"\u7537\u58eb\u62a4\u7406\u5957\u88c55\" loading=\"lazy\" \/>\n                <\/div>\n                <\/a>\n                <div class=\"elementskit-box-body ekit-image-box-body\">\n                    <div class=\"elementskit-box-content ekit-image-box-body-inner\">\n                                                            <\/div>\n\n                                <div class=\"elementskit-box-footer\">\n                    <div class=\"box-footer\">\n                        <div class=\"btn-wraper\">\n                                                            <a href=\"\/fr\/mens-care\/\" class=\"elementskit-btn whitespace--normal\">\n                                    \n                                    \n                                    S\u00e9rie de soins pour hommes                                <\/a>\n                                                        <\/div>\n                    <\/div>\n                <\/div>\n                            <\/div>\n            <\/div>\n    <\/div>\t\t\t\t<\/div>\n\t\t\t\t<\/div>\n\t\t\t\t<div class=\"elementor-element elementor-element-0efff5a ekit-equal-height-enable elementor-widget elementor-widget-elementskit-image-box\" data-id=\"0efff5a\" data-element_type=\"widget\" data-e-type=\"widget\" data-settings=\"{&quot;ekit_we_effect_on&quot;:&quot;none&quot;}\" data-widget_type=\"elementskit-image-box.default\">\n\t\t\t\t<div class=\"elementor-widget-container\">\n\t\t\t\t\t<div class=\"ekit-wid-con\" >\n            <div class=\"elementskit-info-image-box ekit-image-box text-center hover_from_right hover-border-bottom\" >\n\n                <a href=\"\/fr\/lip-care\/\">\n                <div class=\"elementskit-box-header image-box-img-center\">\n\n                    <img decoding=\"async\" src=\"https:\/\/desifine.com\/wp-content\/uploads\/elementor\/thumbs\/\u5507\u90e8\u5957\u88c54-r85klz16kfysvom11mhlsanugasivxy1hukhf6hpei.webp\" title=\"\u5507\u90e8\u5957\u88c54\" alt=\"\u5507\u90e8\u5957\u88c54\" loading=\"lazy\" \/>\n                <\/div>\n                <\/a>\n                <div class=\"elementskit-box-body ekit-image-box-body\">\n                    <div class=\"elementskit-box-content ekit-image-box-body-inner\">\n                                                            <\/div>\n\n                                <div class=\"elementskit-box-footer\">\n                    <div class=\"box-footer\">\n                        <div class=\"btn-wraper\">\n                                                            <a href=\"\/fr\/lip-care\/\" class=\"elementskit-btn whitespace--normal\">\n                                    \n                                    \n                                    S\u00e9rie de soins pour les l\u00e8vres                                <\/a>\n                                                        <\/div>\n                    <\/div>\n                <\/div>\n                            <\/div>\n            <\/div>\n    <\/div>\t\t\t\t<\/div>\n\t\t\t\t<\/div>\n\t\t\t\t<div class=\"elementor-element elementor-element-f188c27 ekit-equal-height-enable elementor-widget elementor-widget-elementskit-image-box\" data-id=\"f188c27\" data-element_type=\"widget\" data-e-type=\"widget\" data-settings=\"{&quot;ekit_we_effect_on&quot;:&quot;none&quot;}\" data-widget_type=\"elementskit-image-box.default\">\n\t\t\t\t<div class=\"elementor-widget-container\">\n\t\t\t\t\t<div class=\"ekit-wid-con\" >\n            <div class=\"elementskit-info-image-box ekit-image-box text-center hover_from_right hover-border-bottom\" >\n\n                <a href=\"\/fr\/baby-care\/\">\n                <div class=\"elementskit-box-header image-box-img-center\">\n\n                    <img decoding=\"async\" src=\"https:\/\/desifine.com\/wp-content\/uploads\/elementor\/thumbs\/\u5a74\u513f\u5957\u88c56-r85bbql6e8fajc3tqneco50a6w6wui22jjhx442bx6.webp\" title=\"\u5a74\u513f\u5957\u88c56\" alt=\"\u5a74\u513f\u5957\u88c56\" loading=\"lazy\" \/>\n                <\/div>\n                <\/a>\n                <div class=\"elementskit-box-body ekit-image-box-body\">\n                    <div class=\"elementskit-box-content ekit-image-box-body-inner\">\n                                                            <\/div>\n\n                                <div class=\"elementskit-box-footer\">\n                    <div class=\"box-footer\">\n                        <div class=\"btn-wraper\">\n                                                            <a href=\"\/fr\/baby-care\/\" class=\"elementskit-btn whitespace--normal\">\n                                    \n                                    \n                                    S\u00e9rie sur les soins aux b\u00e9b\u00e9s                                <\/a>\n                                                        <\/div>\n                    <\/div>\n                <\/div>\n                            <\/div>\n            <\/div>\n    <\/div>\t\t\t\t<\/div>\n\t\t\t\t<\/div>\n\t\t\t\t\t<\/div>\n\t\t\t\t<\/div>\n\t\t\t\t<\/div>","protected":false},"excerpt":{"rendered":"<p>Commencez votre voyage de marque cosm\u00e9tique avec nous Soumettez votre devis maintenant ! S\u00e9ries de soins de la peau S\u00e9ries de soins du corps S\u00e9ries de soins des yeux S\u00e9ries de soins du visage S\u00e9ries de maquillage S\u00e9ries de soins des cheveux S\u00e9ries de soins pour hommes S\u00e9ries de soins des l\u00e8vres S\u00e9ries de soins pour b\u00e9b\u00e9s<\/p>","protected":false},"author":1,"featured_media":0,"parent":0,"menu_order":0,"comment_status":"closed","ping_status":"closed","template":"","meta":{"site-sidebar-layout":"no-sidebar","site-content-layout":"page-builder","ast-site-content-layout":"full-width-container","site-content-style":"default","site-sidebar-style":"default","ast-global-header-display":"","ast-banner-title-visibility":"","ast-main-header-display":"","ast-hfb-above-header-display":"","ast-hfb-below-header-display":"","ast-hfb-mobile-header-display":"","site-post-title":"disabled","ast-breadcrumbs-content":"","ast-featured-img":"disabled","footer-sml-layout":"","ast-disable-related-posts":"","theme-transparent-header-meta":"","adv-header-id-meta":"","stick-header-meta":"","header-above-stick-meta":"","header-main-stick-meta":"","header-below-stick-meta":"","astra-migrate-meta-layouts":"set","ast-page-background-enabled":"default","ast-page-background-meta":{"desktop":{"background-color":"","background-image":"","background-repeat":"repeat","background-position":"center center","background-size":"auto","background-attachment":"scroll","background-type":"","background-media":"","overlay-type":"","overlay-color":"","overlay-opacity":"","overlay-gradient":""},"tablet":{"background-color":"","background-image":"","background-repeat":"repeat","background-position":"center center","background-size":"auto","background-attachment":"scroll","background-type":"","background-media":"","overlay-type":"","overlay-color":"","overlay-opacity":"","overlay-gradient":""},"mobile":{"background-color":"","background-image":"","background-repeat":"repeat","background-position":"center center","background-size":"auto","background-attachment":"scroll","background-type":"","background-media":"","overlay-type":"","overlay-color":"","overlay-opacity":"","overlay-gradient":""}},"ast-content-background-meta":{"desktop":{"background-color":"var(--ast-global-color-5)","background-image":"","background-repeat":"repeat","background-position":"center center","background-size":"auto","background-attachment":"scroll","background-type":"","background-media":"","overlay-type":"","overlay-color":"","overlay-opacity":"","overlay-gradient":""},"tablet":{"background-color":"var(--ast-global-color-5)","background-image":"","background-repeat":"repeat","background-position":"center center","background-size":"auto","background-attachment":"scroll","background-type":"","background-media":"","overlay-type":"","overlay-color":"","overlay-opacity":"","overlay-gradient":""},"mobile":{"background-color":"var(--ast-global-color-5)","background-image":"","background-repeat":"repeat","background-position":"center center","background-size":"auto","background-attachment":"scroll","background-type":"","background-media":"","overlay-type":"","overlay-color":"","overlay-opacity":"","overlay-gradient":""}},"footnotes":""},"class_list":["post-16391","page","type-page","status-publish","hentry"],"_links":{"self":[{"href":"https:\/\/desifine.com\/fr\/wp-json\/wp\/v2\/pages\/16391","targetHints":{"allow":["GET"]}}],"collection":[{"href":"https:\/\/desifine.com\/fr\/wp-json\/wp\/v2\/pages"}],"about":[{"href":"https:\/\/desifine.com\/fr\/wp-json\/wp\/v2\/types\/page"}],"author":[{"embeddable":true,"href":"https:\/\/desifine.com\/fr\/wp-json\/wp\/v2\/users\/1"}],"replies":[{"embeddable":true,"href":"https:\/\/desifine.com\/fr\/wp-json\/wp\/v2\/comments?post=16391"}],"version-history":[{"count":0,"href":"https:\/\/desifine.com\/fr\/wp-json\/wp\/v2\/pages\/16391\/revisions"}],"wp:attachment":[{"href":"https:\/\/desifine.com\/fr\/wp-json\/wp\/v2\/media?parent=16391"}],"curies":[{"name":"wp","href":"https:\/\/api.w.org\/{rel}","templated":true}]}}